{"id":112,"date":"2023-09-08T16:57:25","date_gmt":"2023-09-08T21:57:25","guid":{"rendered":"https:\/\/blog.juanocampoflorez.com\/?page_id=112"},"modified":"2023-09-29T16:13:01","modified_gmt":"2023-09-29T21:13:01","slug":"evolucion-organizacion-empresarial-sociedad-5-0","status":"publish","type":"page","link":"https:\/\/blog.juanocampoflorez.com\/?page_id=112","title":{"rendered":"Organizaci\u00f3n"},"content":{"rendered":"\n<h2 class=\"wp-block-heading\">La organizaci\u00f3n y su estructura en la Sociedad 5.0<\/h2>\n\n\n\n<p>Organizaci\u00f3n en la Sociedad 5.0 se ha transformado de manera radical y cuestiona las pr\u00e1cticas organizacionales que se han dise\u00f1ado previamente.<\/p>\n\n\n\n<p>La organizaci\u00f3n empresarial constituye uno de los fundamentos clave de la gesti\u00f3n empresarial. En sus primeros a\u00f1os, se conceb\u00eda como una &#8216;m\u00e1quina&#8217; (seg\u00fan Burns en 1958). Este tipo de organizaci\u00f3n se caracteriza por tener una estructura r\u00edgida con m\u00faltiples niveles jer\u00e1rquicos y una marcada divisi\u00f3n entre las funciones directivas y operativas. Mientras unos planificaban, otros se encargaban de las tareas cotidianas.<\/p>\n\n\n\n<p>Sin embargo, en el per\u00edodo posterior a la Segunda Guerra Mundial, esta perspectiva fue objeto de cuestionamiento. Desde el pensamiento administrativo se propuso una visi\u00f3n diferente de la organizaci\u00f3n empresarial. Ahora se consideraba como un &#8216;organismo&#8217; en busca de la supervivencia (Burns y Stalker en 1963). En esta nueva visi\u00f3n, se reconoci\u00f3 la importancia de la participaci\u00f3n de los trabajadores. Esto se present\u00f3 debido a su alto grado de conocimiento que posibilita aportar en la toma de decisiones de la empresa. Esto condujo al surgimiento de organizaciones flexibles, horizontales y descentralizadas.<\/p>\n\n\n\n<p>Posteriormente, Henry Mintzberg introdujo el concepto de organizaci\u00f3n &#8216;adhocr\u00e1tica&#8217; como uno de los modelos organizativos en 1979. Este tipo de organizaci\u00f3n se caracteriza por la ausencia de jerarqu\u00edas. De esta manera se promueve la colaboraci\u00f3n libre y espont\u00e1nea entre los trabajadores, evitando criterios de m\u00e9rito o coerci\u00f3n.<\/p>\n\n\n\n<p>A medida que se desarrollaban organizaciones con presencia geogr\u00e1fica amplia e interdependiente de unidades no relacionadas entre s\u00ed, surgi\u00f3 el concepto de &#8216;organizaciones distribuidas&#8217; (Rheingold en 1993; Levine et al. en 2000; Benkler en 2003; Shirky en 2008). Aunque estas organizaciones pueden formar parte de una matriz corporativa, sus actividades pueden estar dispersas a lo largo de la misma cadena de valor.<\/p>\n\n\n\n<p>En la sociedad del conocimiento, tambi\u00e9n se ha introducido la figura de las &#8216;redes interorganizacionales&#8217; (Lacey et al. en 1992; Schmidt en 1992). En este tipo de organizaci\u00f3n, los nodos son entidades independientes. Interact\u00faan y generan valor para diversos grupos de inter\u00e9s y colaboran mutuamente en el desarrollo de sus estrategias.<\/p>\n\n\n\n<p>La tendencia actual se centra m\u00e1s en la interdependencia que en las estructuras corporativas tradicionales. Esta tendencia cuestiona profundamente el papel de la gerencia bajo las antiguas l\u00f3gicas de direcci\u00f3n. Actualmente se le otorga mayor relevancia a la coordinaci\u00f3n y el liderazgo en el proceso administrativo.<\/p>\n\n\n\n<p>A continuaci\u00f3n encuentra los blogs publicados sobre este tema:<\/p>\n\n\n\n<ul class=\"wp-block-list\">\n<li>Rese\u00f1a del art\u00edculo sobre <strong><em><a href=\"https:\/\/blog.juanocampoflorez.com\/?p=378\">Equipos Autoorganizados y Autodirigidos en Proyectos<\/a><\/em><\/strong>  de Kaikkonen, Haapasalo y H\u00e4nninen (2018).<\/li>\n\n\n\n<li>Pr\u00e1cticas gerenciales sobre <a href=\"https:\/\/blog.juanocampoflorez.com\/?p=380\"><strong><em>equipos autogestionados<\/em><\/strong><\/a> a partir del art\u00edculo \u201c<em>Characteristics of self-managing teams in rapid product development projects<\/em>\u201d de Kaikkonen, Haapasalo y H\u00e4nninen (2018). <\/li>\n<\/ul>\n\n\n\n<p>Para conocer otros temas de tendencia en la administraci\u00f3n y gerencia, puedes dar <code><a href=\"https:\/\/blog.juanocampoflorez.com\/?page_id=20\">clic aqu\u00ed<\/a><\/code>.<\/p>\n\n\n\n<p class=\"has-text-align-right\"><a href=\"https:\/\/juanocampoflorez.com\/\">Juan Ocampo-Fl\u00f3rez<\/a><\/p>\n\n\n\n<figure class=\"wp-block-image aligncenter size-full is-resized\"><img data-recalc-dims=\"1\" fetchpriority=\"high\" decoding=\"async\" src=\"https:\/\/i0.wp.com\/blog.juanocampoflorez.com\/wp-content\/uploads\/2023\/09\/Red_Interorg1.jpeg?resize=224%2C224&#038;ssl=1\" alt=\"\" class=\"wp-image-121\" style=\"width:224px;height:224px\" width=\"224\" height=\"224\" srcset=\"https:\/\/i0.wp.com\/blog.juanocampoflorez.com\/wp-content\/uploads\/2023\/09\/Red_Interorg1.jpeg?w=1024&amp;ssl=1 1024w, https:\/\/i0.wp.com\/blog.juanocampoflorez.com\/wp-content\/uploads\/2023\/09\/Red_Interorg1.jpeg?resize=300%2C300&amp;ssl=1 300w, https:\/\/i0.wp.com\/blog.juanocampoflorez.com\/wp-content\/uploads\/2023\/09\/Red_Interorg1.jpeg?resize=150%2C150&amp;ssl=1 150w, https:\/\/i0.wp.com\/blog.juanocampoflorez.com\/wp-content\/uploads\/2023\/09\/Red_Interorg1.jpeg?resize=768%2C768&amp;ssl=1 768w\" sizes=\"(max-width: 224px) 100vw, 224px\" \/><figcaption class=\"wp-element-caption\">Organizaci\u00f3n en la Sociedad 5.0<\/figcaption><\/figure>\n","protected":false},"excerpt":{"rendered":"<p>La organizaci\u00f3n y su estructura en la Sociedad 5.0 Organizaci\u00f3n en la Sociedad 5.0 se ha transformado de manera radical y cuestiona las pr\u00e1cticas organizacionales que se han dise\u00f1ado previamente. La organizaci\u00f3n empresarial constituye uno de los fundamentos clave de la gesti\u00f3n empresarial. En sus primeros a\u00f1os, se conceb\u00eda como una &#8216;m\u00e1quina&#8217; (seg\u00fan Burns en [&hellip;]<\/p>\n","protected":false},"author":1,"featured_media":0,"parent":0,"menu_order":0,"comment_status":"closed","ping_status":"closed","template":"","meta":{"footnotes":""},"class_list":["post-112","page","type-page","status-publish","hentry",""],"yoast_head":"<!-- This site is optimized with the Yoast SEO plugin v27.6 - https:\/\/yoast.com\/product\/yoast-seo-wordpress\/ -->\n<title>Organizaci\u00f3n en la Sociedad 5.0: producto de una evoluci\u00f3n<\/title>\n<meta name=\"description\" content=\"La transformaci\u00f3n de la organizaci\u00f3n en la Sociedad 5.0: desde la estructura jer\u00e1rquica r\u00edgida hasta las redes interorganizacionales.\" \/>\n<meta name=\"robots\" content=\"index, follow, max-snippet:-1, max-image-preview:large, max-video-preview:-1\" \/>\n<link rel=\"canonical\" href=\"https:\/\/blog.juanocampoflorez.com\/?page_id=112\" \/>\n<meta property=\"og:locale\" content=\"es_ES\" \/>\n<meta property=\"og:type\" content=\"article\" \/>\n<meta property=\"og:title\" content=\"Organizaci\u00f3n en la Sociedad 5.0: producto de una evoluci\u00f3n\" \/>\n<meta property=\"og:description\" content=\"La transformaci\u00f3n de la organizaci\u00f3n en la Sociedad 5.0: desde la estructura jer\u00e1rquica r\u00edgida hasta las redes interorganizacionales.\" \/>\n<meta property=\"og:url\" content=\"https:\/\/blog.juanocampoflorez.com\/?page_id=112\" \/>\n<meta property=\"og:site_name\" content=\"GerenciArte\" \/>\n<meta property=\"article:publisher\" content=\"https:\/\/www.facebook.com\/profile.php?id=100012989678061\" \/>\n<meta property=\"article:modified_time\" content=\"2023-09-29T21:13:01+00:00\" \/>\n<meta property=\"og:image\" content=\"https:\/\/blog.juanocampoflorez.com\/wp-content\/uploads\/2023\/09\/Red_Interorg1.jpeg\" \/>\n<meta name=\"twitter:card\" content=\"summary_large_image\" \/>\n<meta name=\"twitter:label1\" content=\"Tiempo de lectura\" \/>\n\t<meta name=\"twitter:data1\" content=\"3 minutos\" \/>\n<script type=\"application\/ld+json\" class=\"yoast-schema-graph\">{\"@context\":\"https:\\\/\\\/schema.org\",\"@graph\":[{\"@type\":\"WebPage\",\"@id\":\"https:\\\/\\\/blog.juanocampoflorez.com\\\/?page_id=112\",\"url\":\"https:\\\/\\\/blog.juanocampoflorez.com\\\/?page_id=112\",\"name\":\"Organizaci\u00f3n en la Sociedad 5.0: producto de una evoluci\u00f3n\",\"isPartOf\":{\"@id\":\"https:\\\/\\\/blog.juanocampoflorez.com\\\/#website\"},\"primaryImageOfPage\":{\"@id\":\"https:\\\/\\\/blog.juanocampoflorez.com\\\/?page_id=112#primaryimage\"},\"image\":{\"@id\":\"https:\\\/\\\/blog.juanocampoflorez.com\\\/?page_id=112#primaryimage\"},\"thumbnailUrl\":\"https:\\\/\\\/blog.juanocampoflorez.com\\\/wp-content\\\/uploads\\\/2023\\\/09\\\/Red_Interorg1.jpeg\",\"datePublished\":\"2023-09-08T21:57:25+00:00\",\"dateModified\":\"2023-09-29T21:13:01+00:00\",\"description\":\"La transformaci\u00f3n de la organizaci\u00f3n en la Sociedad 5.0: desde la estructura jer\u00e1rquica r\u00edgida hasta las redes interorganizacionales.\",\"breadcrumb\":{\"@id\":\"https:\\\/\\\/blog.juanocampoflorez.com\\\/?page_id=112#breadcrumb\"},\"inLanguage\":\"es\",\"potentialAction\":[{\"@type\":\"ReadAction\",\"target\":[\"https:\\\/\\\/blog.juanocampoflorez.com\\\/?page_id=112\"]}]},{\"@type\":\"ImageObject\",\"inLanguage\":\"es\",\"@id\":\"https:\\\/\\\/blog.juanocampoflorez.com\\\/?page_id=112#primaryimage\",\"url\":\"https:\\\/\\\/i0.wp.com\\\/blog.juanocampoflorez.com\\\/wp-content\\\/uploads\\\/2023\\\/09\\\/Red_Interorg1.jpeg?fit=1024%2C1024&ssl=1\",\"contentUrl\":\"https:\\\/\\\/i0.wp.com\\\/blog.juanocampoflorez.com\\\/wp-content\\\/uploads\\\/2023\\\/09\\\/Red_Interorg1.jpeg?fit=1024%2C1024&ssl=1\",\"width\":1024,\"height\":1024,\"caption\":\"Organizaci\u00f3n en la Sociedad 5.0\"},{\"@type\":\"BreadcrumbList\",\"@id\":\"https:\\\/\\\/blog.juanocampoflorez.com\\\/?page_id=112#breadcrumb\",\"itemListElement\":[{\"@type\":\"ListItem\",\"position\":1,\"name\":\"Portada\",\"item\":\"https:\\\/\\\/blog.juanocampoflorez.com\\\/\"},{\"@type\":\"ListItem\",\"position\":2,\"name\":\"Organizaci\u00f3n\"}]},{\"@type\":\"WebSite\",\"@id\":\"https:\\\/\\\/blog.juanocampoflorez.com\\\/#website\",\"url\":\"https:\\\/\\\/blog.juanocampoflorez.com\\\/\",\"name\":\"GerenciArte\",\"description\":\"An\u00e1lisis de Art\u00edculos sobre Administraci\u00f3n y Gerencia\",\"publisher\":{\"@id\":\"https:\\\/\\\/blog.juanocampoflorez.com\\\/#organization\"},\"potentialAction\":[{\"@type\":\"SearchAction\",\"target\":{\"@type\":\"EntryPoint\",\"urlTemplate\":\"https:\\\/\\\/blog.juanocampoflorez.com\\\/?s={search_term_string}\"},\"query-input\":{\"@type\":\"PropertyValueSpecification\",\"valueRequired\":true,\"valueName\":\"search_term_string\"}}],\"inLanguage\":\"es\"},{\"@type\":\"Organization\",\"@id\":\"https:\\\/\\\/blog.juanocampoflorez.com\\\/#organization\",\"name\":\"GerenciArte\",\"url\":\"https:\\\/\\\/blog.juanocampoflorez.com\\\/\",\"logo\":{\"@type\":\"ImageObject\",\"inLanguage\":\"es\",\"@id\":\"https:\\\/\\\/blog.juanocampoflorez.com\\\/#\\\/schema\\\/logo\\\/image\\\/\",\"url\":\"https:\\\/\\\/blog.juanocampoflorez.com\\\/wp-content\\\/uploads\\\/2023\\\/09\\\/logo.png\",\"contentUrl\":\"https:\\\/\\\/blog.juanocampoflorez.com\\\/wp-content\\\/uploads\\\/2023\\\/09\\\/logo.png\",\"width\":263,\"height\":234,\"caption\":\"GerenciArte\"},\"image\":{\"@id\":\"https:\\\/\\\/blog.juanocampoflorez.com\\\/#\\\/schema\\\/logo\\\/image\\\/\"},\"sameAs\":[\"https:\\\/\\\/www.facebook.com\\\/profile.php?id=100012989678061\"]}]}<\/script>\n<!-- \/ Yoast SEO plugin. -->","yoast_head_json":{"title":"Organizaci\u00f3n en la Sociedad 5.0: producto de una evoluci\u00f3n","description":"La transformaci\u00f3n de la organizaci\u00f3n en la Sociedad 5.0: desde la estructura jer\u00e1rquica r\u00edgida hasta las redes interorganizacionales.","robots":{"index":"index","follow":"follow","max-snippet":"max-snippet:-1","max-image-preview":"max-image-preview:large","max-video-preview":"max-video-preview:-1"},"canonical":"https:\/\/blog.juanocampoflorez.com\/?page_id=112","og_locale":"es_ES","og_type":"article","og_title":"Organizaci\u00f3n en la Sociedad 5.0: producto de una evoluci\u00f3n","og_description":"La transformaci\u00f3n de la organizaci\u00f3n en la Sociedad 5.0: desde la estructura jer\u00e1rquica r\u00edgida hasta las redes interorganizacionales.","og_url":"https:\/\/blog.juanocampoflorez.com\/?page_id=112","og_site_name":"GerenciArte","article_publisher":"https:\/\/www.facebook.com\/profile.php?id=100012989678061","article_modified_time":"2023-09-29T21:13:01+00:00","og_image":[{"url":"https:\/\/blog.juanocampoflorez.com\/wp-content\/uploads\/2023\/09\/Red_Interorg1.jpeg","type":"","width":"","height":""}],"twitter_card":"summary_large_image","twitter_misc":{"Tiempo de lectura":"3 minutos"},"schema":{"@context":"https:\/\/schema.org","@graph":[{"@type":"WebPage","@id":"https:\/\/blog.juanocampoflorez.com\/?page_id=112","url":"https:\/\/blog.juanocampoflorez.com\/?page_id=112","name":"Organizaci\u00f3n en la Sociedad 5.0: producto de una evoluci\u00f3n","isPartOf":{"@id":"https:\/\/blog.juanocampoflorez.com\/#website"},"primaryImageOfPage":{"@id":"https:\/\/blog.juanocampoflorez.com\/?page_id=112#primaryimage"},"image":{"@id":"https:\/\/blog.juanocampoflorez.com\/?page_id=112#primaryimage"},"thumbnailUrl":"https:\/\/blog.juanocampoflorez.com\/wp-content\/uploads\/2023\/09\/Red_Interorg1.jpeg","datePublished":"2023-09-08T21:57:25+00:00","dateModified":"2023-09-29T21:13:01+00:00","description":"La transformaci\u00f3n de la organizaci\u00f3n en la Sociedad 5.0: desde la estructura jer\u00e1rquica r\u00edgida hasta las redes interorganizacionales.","breadcrumb":{"@id":"https:\/\/blog.juanocampoflorez.com\/?page_id=112#breadcrumb"},"inLanguage":"es","potentialAction":[{"@type":"ReadAction","target":["https:\/\/blog.juanocampoflorez.com\/?page_id=112"]}]},{"@type":"ImageObject","inLanguage":"es","@id":"https:\/\/blog.juanocampoflorez.com\/?page_id=112#primaryimage","url":"https:\/\/i0.wp.com\/blog.juanocampoflorez.com\/wp-content\/uploads\/2023\/09\/Red_Interorg1.jpeg?fit=1024%2C1024&ssl=1","contentUrl":"https:\/\/i0.wp.com\/blog.juanocampoflorez.com\/wp-content\/uploads\/2023\/09\/Red_Interorg1.jpeg?fit=1024%2C1024&ssl=1","width":1024,"height":1024,"caption":"Organizaci\u00f3n en la Sociedad 5.0"},{"@type":"BreadcrumbList","@id":"https:\/\/blog.juanocampoflorez.com\/?page_id=112#breadcrumb","itemListElement":[{"@type":"ListItem","position":1,"name":"Portada","item":"https:\/\/blog.juanocampoflorez.com\/"},{"@type":"ListItem","position":2,"name":"Organizaci\u00f3n"}]},{"@type":"WebSite","@id":"https:\/\/blog.juanocampoflorez.com\/#website","url":"https:\/\/blog.juanocampoflorez.com\/","name":"GerenciArte","description":"An\u00e1lisis de Art\u00edculos sobre Administraci\u00f3n y Gerencia","publisher":{"@id":"https:\/\/blog.juanocampoflorez.com\/#organization"},"potentialAction":[{"@type":"SearchAction","target":{"@type":"EntryPoint","urlTemplate":"https:\/\/blog.juanocampoflorez.com\/?s={search_term_string}"},"query-input":{"@type":"PropertyValueSpecification","valueRequired":true,"valueName":"search_term_string"}}],"inLanguage":"es"},{"@type":"Organization","@id":"https:\/\/blog.juanocampoflorez.com\/#organization","name":"GerenciArte","url":"https:\/\/blog.juanocampoflorez.com\/","logo":{"@type":"ImageObject","inLanguage":"es","@id":"https:\/\/blog.juanocampoflorez.com\/#\/schema\/logo\/image\/","url":"https:\/\/blog.juanocampoflorez.com\/wp-content\/uploads\/2023\/09\/logo.png","contentUrl":"https:\/\/blog.juanocampoflorez.com\/wp-content\/uploads\/2023\/09\/logo.png","width":263,"height":234,"caption":"GerenciArte"},"image":{"@id":"https:\/\/blog.juanocampoflorez.com\/#\/schema\/logo\/image\/"},"sameAs":["https:\/\/www.facebook.com\/profile.php?id=100012989678061"]}]}},"jetpack-related-posts":[{"id":20,"url":"https:\/\/blog.juanocampoflorez.com\/?page_id=20","url_meta":{"origin":112,"position":0},"title":"GerenciArte","author":"Juan Ocampo","date":"","format":false,"excerpt":"\u00a1Potencia tus habilidades de gesti\u00f3n con nuestro blog de Gerenciarte! Descubre consejos pr\u00e1cticos respaldados por investigaciones y adquiere las estrategias necesarias para liderar con \u00e9xito en la din\u00e1mica Sociedad 5.0. Sum\u00e9rgete en el mundo de la administraci\u00f3n y aprende c\u00f3mo fundamentar tu pr\u00e1ctica gerencial en la literatura cient\u00edfica de vanguardia.\u2026","rel":"","context":"Entrada similar","block_context":{"text":"Entrada similar","link":""},"img":{"alt_text":"","src":"https:\/\/i0.wp.com\/blog.juanocampoflorez.com\/wp-content\/uploads\/2023\/09\/Inicio-e1694175513477.jpeg?resize=350%2C200&ssl=1","width":350,"height":200,"srcset":"https:\/\/i0.wp.com\/blog.juanocampoflorez.com\/wp-content\/uploads\/2023\/09\/Inicio-e1694175513477.jpeg?resize=350%2C200&ssl=1 1x, https:\/\/i0.wp.com\/blog.juanocampoflorez.com\/wp-content\/uploads\/2023\/09\/Inicio-e1694175513477.jpeg?resize=525%2C300&ssl=1 1.5x, https:\/\/i0.wp.com\/blog.juanocampoflorez.com\/wp-content\/uploads\/2023\/09\/Inicio-e1694175513477.jpeg?resize=700%2C400&ssl=1 2x"},"classes":[]},{"id":157,"url":"https:\/\/blog.juanocampoflorez.com\/?page_id=157","url_meta":{"origin":112,"position":1},"title":"Sostenibilidad","author":"Juan Ocampo","date":"","format":false,"excerpt":"Sostenibilidad 5.0 La Sostenibilidad 5.0 es un tema emergente en la administraci\u00f3n y la estrategia empresarial. Este concepto, en sus inicios, marc\u00f3 la preocupaci\u00f3n por el medio ambiente y el desarrollo. En 1983, la ONU estableci\u00f3 la Comisi\u00f3n Mundial sobre el Medio Ambiente y el Desarrollo, cuyo an\u00e1lisis culmin\u00f3 en\u2026","rel":"","context":"Entrada similar","block_context":{"text":"Entrada similar","link":""},"img":{"alt_text":"","src":"https:\/\/i0.wp.com\/blog.juanocampoflorez.com\/wp-content\/uploads\/2023\/09\/Sost1.jpg?resize=350%2C200&ssl=1","width":350,"height":200,"srcset":"https:\/\/i0.wp.com\/blog.juanocampoflorez.com\/wp-content\/uploads\/2023\/09\/Sost1.jpg?resize=350%2C200&ssl=1 1x, https:\/\/i0.wp.com\/blog.juanocampoflorez.com\/wp-content\/uploads\/2023\/09\/Sost1.jpg?resize=525%2C300&ssl=1 1.5x, https:\/\/i0.wp.com\/blog.juanocampoflorez.com\/wp-content\/uploads\/2023\/09\/Sost1.jpg?resize=700%2C400&ssl=1 2x"},"classes":[]},{"id":68,"url":"https:\/\/blog.juanocampoflorez.com\/?page_id=68","url_meta":{"origin":112,"position":2},"title":"Trabajo","author":"Juan Ocampo","date":"","format":false,"excerpt":"El trabajo en la Sociedad 5.0 El concepto trabajo en la Sociedad 5.0 lleva a cuestionar muchas de las pr\u00e1cticas gerenciales previamente definidas. La Administraci\u00f3n se construy\u00f3 bajo el supuesto de un \u00fanico tipo de trabajador: el empleado. Las pr\u00e1cticas de los gerentes fueron dise\u00f1adas bajo la estructura del contrato\u2026","rel":"","context":"Entrada similar","block_context":{"text":"Entrada similar","link":""},"img":{"alt_text":"","src":"https:\/\/i0.wp.com\/blog.juanocampoflorez.com\/wp-content\/uploads\/2023\/09\/Trabajo5.0.jpeg?resize=350%2C200&ssl=1","width":350,"height":200,"srcset":"https:\/\/i0.wp.com\/blog.juanocampoflorez.com\/wp-content\/uploads\/2023\/09\/Trabajo5.0.jpeg?resize=350%2C200&ssl=1 1x, https:\/\/i0.wp.com\/blog.juanocampoflorez.com\/wp-content\/uploads\/2023\/09\/Trabajo5.0.jpeg?resize=525%2C300&ssl=1 1.5x, https:\/\/i0.wp.com\/blog.juanocampoflorez.com\/wp-content\/uploads\/2023\/09\/Trabajo5.0.jpeg?resize=700%2C400&ssl=1 2x"},"classes":[]},{"id":187,"url":"https:\/\/blog.juanocampoflorez.com\/?page_id=187","url_meta":{"origin":112,"position":3},"title":"Innovaci\u00f3n","author":"Juan Ocampo","date":"","format":false,"excerpt":"La innovaci\u00f3n en la Sociedad 5.0 La concepci\u00f3n de la innovaci\u00f3n en la Sociedad 5.0 se distingue notablemente de las perspectivas previas, como las presentadas por Schumpeter (1911, originalmente en alem\u00e1n y traducidas al ingl\u00e9s en 1934), Burns & Stalker (1961) o Christensen (1998). Schumpeter, en su enfoque pionero, deline\u00f3\u2026","rel":"","context":"Entrada similar","block_context":{"text":"Entrada similar","link":""},"img":{"alt_text":"","src":"https:\/\/i0.wp.com\/blog.juanocampoflorez.com\/wp-content\/uploads\/2023\/09\/Innov1.jpg?resize=350%2C200&ssl=1","width":350,"height":200,"srcset":"https:\/\/i0.wp.com\/blog.juanocampoflorez.com\/wp-content\/uploads\/2023\/09\/Innov1.jpg?resize=350%2C200&ssl=1 1x, https:\/\/i0.wp.com\/blog.juanocampoflorez.com\/wp-content\/uploads\/2023\/09\/Innov1.jpg?resize=525%2C300&ssl=1 1.5x, https:\/\/i0.wp.com\/blog.juanocampoflorez.com\/wp-content\/uploads\/2023\/09\/Innov1.jpg?resize=700%2C400&ssl=1 2x"},"classes":[]},{"id":29,"url":"https:\/\/blog.juanocampoflorez.com\/?page_id=29","url_meta":{"origin":112,"position":4},"title":"Liderazgo","author":"Juan Ocampo","date":"","format":false,"excerpt":"Liderazgo en la Sociedad 5.0 El Liderazgo en la Sociedad 5.0 es producto de una evoluci\u00f3n del concepto. Desde la d\u00e9cada de los 60 del siglo pasado, el liderazgo es un tema recurrente en el \u00e1mbito de la Administraci\u00f3n. Inicialmente, se abord\u00f3 desde la perspectiva del l\u00edder y su estilo\u2026","rel":"","context":"Entrada similar","block_context":{"text":"Entrada similar","link":""},"img":{"alt_text":"Liderazgo en Organizaciones de Servicio Social","src":"https:\/\/i0.wp.com\/blog.juanocampoflorez.com\/wp-content\/uploads\/2023\/09\/Lide_partic.jpeg?resize=350%2C200&ssl=1","width":350,"height":200,"srcset":"https:\/\/i0.wp.com\/blog.juanocampoflorez.com\/wp-content\/uploads\/2023\/09\/Lide_partic.jpeg?resize=350%2C200&ssl=1 1x, https:\/\/i0.wp.com\/blog.juanocampoflorez.com\/wp-content\/uploads\/2023\/09\/Lide_partic.jpeg?resize=525%2C300&ssl=1 1.5x, https:\/\/i0.wp.com\/blog.juanocampoflorez.com\/wp-content\/uploads\/2023\/09\/Lide_partic.jpeg?resize=700%2C400&ssl=1 2x"},"classes":[]},{"id":147,"url":"https:\/\/blog.juanocampoflorez.com\/?page_id=147","url_meta":{"origin":112,"position":5},"title":"Tecnolog\u00edas","author":"Juan Ocampo","date":"","format":false,"excerpt":"Tecnolog\u00edas e Inteligencia Artificial aplicadas a las empresas Las tecnolog\u00edas y la inteligencia artificial transforman las empresas y aspectos fundamentales de la vida humana. Los primeros art\u00edculos cient\u00edficos que propon\u00edan el desarrollo de la inteligencia artificial (McCulloch & Pitts, 1943; Turing, 1950). La primera discusi\u00f3n sobre los objetivos y posibilidades\u2026","rel":"","context":"Entrada similar","block_context":{"text":"Entrada similar","link":""},"img":{"alt_text":"","src":"https:\/\/i0.wp.com\/blog.juanocampoflorez.com\/wp-content\/uploads\/2023\/09\/Gerencia5.01.jpg?resize=350%2C200&ssl=1","width":350,"height":200,"srcset":"https:\/\/i0.wp.com\/blog.juanocampoflorez.com\/wp-content\/uploads\/2023\/09\/Gerencia5.01.jpg?resize=350%2C200&ssl=1 1x, https:\/\/i0.wp.com\/blog.juanocampoflorez.com\/wp-content\/uploads\/2023\/09\/Gerencia5.01.jpg?resize=525%2C300&ssl=1 1.5x, https:\/\/i0.wp.com\/blog.juanocampoflorez.com\/wp-content\/uploads\/2023\/09\/Gerencia5.01.jpg?resize=700%2C400&ssl=1 2x"},"classes":[]}],"jetpack_sharing_enabled":true,"_links":{"self":[{"href":"https:\/\/blog.juanocampoflorez.com\/index.php?rest_route=\/wp\/v2\/pages\/112","targetHints":{"allow":["GET"]}}],"collection":[{"href":"https:\/\/blog.juanocampoflorez.com\/index.php?rest_route=\/wp\/v2\/pages"}],"about":[{"href":"https:\/\/blog.juanocampoflorez.com\/index.php?rest_route=\/wp\/v2\/types\/page"}],"author":[{"embeddable":true,"href":"https:\/\/blog.juanocampoflorez.com\/index.php?rest_route=\/wp\/v2\/users\/1"}],"replies":[{"embeddable":true,"href":"https:\/\/blog.juanocampoflorez.com\/index.php?rest_route=%2Fwp%2Fv2%2Fcomments&post=112"}],"version-history":[{"count":0,"href":"https:\/\/blog.juanocampoflorez.com\/index.php?rest_route=\/wp\/v2\/pages\/112\/revisions"}],"wp:attachment":[{"href":"https:\/\/blog.juanocampoflorez.com\/index.php?rest_route=%2Fwp%2Fv2%2Fmedia&parent=112"}],"curies":[{"name":"wp","href":"https:\/\/api.w.org\/{rel}","templated":true}]}}