{"id":157,"date":"2023-09-09T10:18:09","date_gmt":"2023-09-09T15:18:09","guid":{"rendered":"https:\/\/blog.juanocampoflorez.com\/?page_id=157"},"modified":"2023-12-05T05:23:00","modified_gmt":"2023-12-05T10:23:00","slug":"sostenibilidad-5-evolucion-rse","status":"publish","type":"page","link":"https:\/\/blog.juanocampoflorez.com\/?page_id=157","title":{"rendered":"Sostenibilidad"},"content":{"rendered":"\n<h2 class=\"wp-block-heading\">Sostenibilidad 5.0<\/h2>\n\n\n\n<p>La Sostenibilidad 5.0 es un tema emergente en la administraci\u00f3n y la estrategia empresarial. Este concepto, en sus inicios, marc\u00f3 la preocupaci\u00f3n por el medio ambiente y el desarrollo. En 1983, la ONU estableci\u00f3 la Comisi\u00f3n Mundial sobre el Medio Ambiente y el Desarrollo, cuyo an\u00e1lisis culmin\u00f3 en el informe \u00ab<a href=\"https:\/\/www.ecominga.uqam.ca\/PDF\/BIBLIOGRAPHIE\/GUIDE_LECTURE_1\/CMMAD-Informe-Comision-Brundtland-sobre-Medio-Ambiente-Desarrollo.pdf\">Nuestro Futuro Com\u00fan<\/a>\u00bb de la Comisi\u00f3n Brundtland. Este informe propuso el concepto de desarrollo sostenible como \u00abel desarrollo que satisface las necesidades del presente sin comprometer la capacidad de las generaciones futuras para satisfacer las suyas\u00bb. De esta manera, se marc\u00f3 el comienzo de una reevaluaci\u00f3n de la Responsabilidad Social Empresarial (RSE) para abordar de manera m\u00e1s completa las necesidades globales.<\/p>\n\n\n\n<p>En la Cumbre de la Tierra en R\u00edo de Janeiro (1992) adopt\u00f3 la <a href=\"https:\/\/www.un.org\/spanish\/esa\/sustdev\/documents\/declaracionrio.htm\">Declaraci\u00f3n de R\u00edo sobre el Medio Ambiente y el Desarrollo<\/a>. En consecuencia, para convertir esto en un compromiso ejecutable, se formul\u00f3 la <a href=\"https:\/\/www.un.org\/spanish\/esa\/sustdev\/agenda21\/agenda21toc.htm\">Agenda 21<\/a>, que estableci\u00f3 l\u00edneas de acci\u00f3n en cuatro cap\u00edtulos. La ONU (2000) propuso los <a href=\"https:\/\/documents-dds-ny.un.org\/doc\/UNDOC\/GEN\/N00\/559\/54\/PDF\/N0055954.pdf?OpenElement\">Objetivos del Milenio<\/a>, que se centraban en 8 grandes prop\u00f3sitos. En 2015, la ONU promulg\u00f3 los <a href=\"https:\/\/www.un.org\/sustainabledevelopment\/es\/objetivos-de-desarrollo-sostenible\/\">Objetivos de Desarrollo Sostenible<\/a> para 2030 como un horizonte significativo para los esfuerzos de la sociedad.<\/p>\n\n\n\n<p>Como respuesta a este nuevo concepto, el sector empresarial, en 1997 se cre\u00f3 el Global Reporting Initiative (GRI), que recopil\u00f3 los enfoques sobre sostenibilidad y replante\u00f3 la RSE de las empresas de todo el mundo. As\u00ed, se insta a las partes interesadas a presentar informes que aborden los impactos econ\u00f3micos, sociales y ambientales.<\/p>\n\n\n\n<p>De la misma manera, la ONU propuso en 1999 el <a href=\"https:\/\/unglobalcompact.org\/\">Global Compact<\/a>. La ONU propon\u00eda la adopci\u00f3n de diez principios universales en las \u00e1reas de derechos humanos, trabajo, medio ambiente y anticorrupci\u00f3n.<\/p>\n\n\n\n<p>En la actualidad, se est\u00e1 hablando de una nueva dimensi\u00f3n de la sostenibilidad. Esta tendencia se desarrolla para preservar la especie humana y la sociedad en una era de tecnolog\u00edas avanzadas. En este contexto, se incluyen res\u00famenes y comentarios sobre art\u00edculos recientes que proponen enfoques para las empresas. Este representa uno de los principales desaf\u00edos de la gerencia en la Sociedad 5.0.<\/p>\n\n\n\n<ul class=\"wp-block-list\">\n<li><a href=\"https:\/\/blog.juanocampoflorez.com\/?p=197\">En busca de la Felicidad Sostenible: El Ciclo de Sustentabilidad de la Felicidad (Eckhaus &amp; Scheaffer, 2019<\/a>)<\/li>\n\n\n\n<li><a href=\"https:\/\/blog.juanocampoflorez.com\/?p=251\">Pr\u00e1cticas gerenciales para la Felicidad Sostenible (basado en Eckhaus &amp; Scheaffer, 2019)<\/a><\/li>\n<\/ul>\n\n\n\n<p>Para leer sobre otros temas de tendencia en administraci\u00f3n y gerencia, puede darle <code><a href=\"https:\/\/blog.juanocampoflorez.com\/?page_id=20\">clic aqu\u00ed<\/a><\/code>.<\/p>\n\n\n\n<p class=\"has-text-align-right\"><a href=\"https:\/\/juanocampoflorez.com\/\">Juan Ocampo-Fl\u00f3rez<\/a><\/p>\n\n\n\n<figure class=\"wp-block-image aligncenter size-full is-resized\"><img data-recalc-dims=\"1\" fetchpriority=\"high\" decoding=\"async\" width=\"1024\" height=\"839\" src=\"https:\/\/i0.wp.com\/blog.juanocampoflorez.com\/wp-content\/uploads\/2023\/09\/Sost1.jpg?resize=1024%2C839&#038;ssl=1\" alt=\"\" class=\"wp-image-161\" style=\"width:285px;height:234px\" srcset=\"https:\/\/i0.wp.com\/blog.juanocampoflorez.com\/wp-content\/uploads\/2023\/09\/Sost1.jpg?w=1024&amp;ssl=1 1024w, https:\/\/i0.wp.com\/blog.juanocampoflorez.com\/wp-content\/uploads\/2023\/09\/Sost1.jpg?resize=300%2C246&amp;ssl=1 300w, https:\/\/i0.wp.com\/blog.juanocampoflorez.com\/wp-content\/uploads\/2023\/09\/Sost1.jpg?resize=768%2C629&amp;ssl=1 768w\" sizes=\"(max-width: 1000px) 100vw, 1000px\" \/><figcaption class=\"wp-element-caption\">Sostenibilidad 5.0<\/figcaption><\/figure>\n","protected":false},"excerpt":{"rendered":"<p>Sostenibilidad 5.0 La Sostenibilidad 5.0 es un tema emergente en la administraci\u00f3n y la estrategia empresarial. Este concepto, en sus inicios, marc\u00f3 la preocupaci\u00f3n por el medio ambiente y el desarrollo. En 1983, la ONU estableci\u00f3 la Comisi\u00f3n Mundial sobre el Medio Ambiente y el Desarrollo, cuyo an\u00e1lisis culmin\u00f3 en el informe \u00abNuestro Futuro Com\u00fan\u00bb [&hellip;]<\/p>\n","protected":false},"author":1,"featured_media":0,"parent":0,"menu_order":0,"comment_status":"closed","ping_status":"closed","template":"","meta":{"footnotes":""},"class_list":["post-157","page","type-page","status-publish","hentry",""],"yoast_head":"<!-- This site is optimized with the Yoast SEO plugin v27.6 - https:\/\/yoast.com\/product\/yoast-seo-wordpress\/ -->\n<title>Sostenibilidad 5.0: Evoluci\u00f3n de la Responsabilidad Empresarial<\/title>\n<meta name=\"description\" content=\"Explora la evoluci\u00f3n de la RSE hacia la Sostenibilidad 5.0. \u00bfC\u00f3mo afrontar el desaf\u00edo de preservar la especie humana en la era tecnol\u00f3gica?\" \/>\n<meta name=\"robots\" content=\"index, follow, max-snippet:-1, max-image-preview:large, max-video-preview:-1\" \/>\n<link rel=\"canonical\" href=\"https:\/\/blog.juanocampoflorez.com\/?page_id=157\" \/>\n<meta property=\"og:locale\" content=\"es_ES\" \/>\n<meta property=\"og:type\" content=\"article\" \/>\n<meta property=\"og:title\" content=\"Sostenibilidad 5.0: Evoluci\u00f3n de la Responsabilidad Empresarial\" \/>\n<meta property=\"og:description\" content=\"Explora la evoluci\u00f3n de la RSE hacia la Sostenibilidad 5.0. \u00bfC\u00f3mo afrontar el desaf\u00edo de preservar la especie humana en la era tecnol\u00f3gica?\" \/>\n<meta property=\"og:url\" content=\"https:\/\/blog.juanocampoflorez.com\/?page_id=157\" \/>\n<meta property=\"og:site_name\" content=\"GerenciArte\" \/>\n<meta property=\"article:publisher\" content=\"https:\/\/www.facebook.com\/profile.php?id=100012989678061\" \/>\n<meta property=\"article:modified_time\" content=\"2023-12-05T10:23:00+00:00\" \/>\n<meta property=\"og:image\" content=\"https:\/\/blog.juanocampoflorez.com\/wp-content\/uploads\/2023\/09\/Sost1.jpg\" \/>\n<meta name=\"twitter:card\" content=\"summary_large_image\" \/>\n<meta name=\"twitter:label1\" content=\"Tiempo de lectura\" \/>\n\t<meta name=\"twitter:data1\" content=\"2 minutos\" \/>\n<script type=\"application\/ld+json\" class=\"yoast-schema-graph\">{\"@context\":\"https:\\\/\\\/schema.org\",\"@graph\":[{\"@type\":\"WebPage\",\"@id\":\"https:\\\/\\\/blog.juanocampoflorez.com\\\/?page_id=157\",\"url\":\"https:\\\/\\\/blog.juanocampoflorez.com\\\/?page_id=157\",\"name\":\"Sostenibilidad 5.0: Evoluci\u00f3n de la Responsabilidad Empresarial\",\"isPartOf\":{\"@id\":\"https:\\\/\\\/blog.juanocampoflorez.com\\\/#website\"},\"primaryImageOfPage\":{\"@id\":\"https:\\\/\\\/blog.juanocampoflorez.com\\\/?page_id=157#primaryimage\"},\"image\":{\"@id\":\"https:\\\/\\\/blog.juanocampoflorez.com\\\/?page_id=157#primaryimage\"},\"thumbnailUrl\":\"https:\\\/\\\/blog.juanocampoflorez.com\\\/wp-content\\\/uploads\\\/2023\\\/09\\\/Sost1.jpg\",\"datePublished\":\"2023-09-09T15:18:09+00:00\",\"dateModified\":\"2023-12-05T10:23:00+00:00\",\"description\":\"Explora la evoluci\u00f3n de la RSE hacia la Sostenibilidad 5.0. \u00bfC\u00f3mo afrontar el desaf\u00edo de preservar la especie humana en la era tecnol\u00f3gica?\",\"breadcrumb\":{\"@id\":\"https:\\\/\\\/blog.juanocampoflorez.com\\\/?page_id=157#breadcrumb\"},\"inLanguage\":\"es\",\"potentialAction\":[{\"@type\":\"ReadAction\",\"target\":[\"https:\\\/\\\/blog.juanocampoflorez.com\\\/?page_id=157\"]}]},{\"@type\":\"ImageObject\",\"inLanguage\":\"es\",\"@id\":\"https:\\\/\\\/blog.juanocampoflorez.com\\\/?page_id=157#primaryimage\",\"url\":\"https:\\\/\\\/i0.wp.com\\\/blog.juanocampoflorez.com\\\/wp-content\\\/uploads\\\/2023\\\/09\\\/Sost1.jpg?fit=1024%2C839&ssl=1\",\"contentUrl\":\"https:\\\/\\\/i0.wp.com\\\/blog.juanocampoflorez.com\\\/wp-content\\\/uploads\\\/2023\\\/09\\\/Sost1.jpg?fit=1024%2C839&ssl=1\",\"width\":1024,\"height\":839,\"caption\":\"Sostenibilidad 5.0\"},{\"@type\":\"BreadcrumbList\",\"@id\":\"https:\\\/\\\/blog.juanocampoflorez.com\\\/?page_id=157#breadcrumb\",\"itemListElement\":[{\"@type\":\"ListItem\",\"position\":1,\"name\":\"Portada\",\"item\":\"https:\\\/\\\/blog.juanocampoflorez.com\\\/\"},{\"@type\":\"ListItem\",\"position\":2,\"name\":\"Sostenibilidad\"}]},{\"@type\":\"WebSite\",\"@id\":\"https:\\\/\\\/blog.juanocampoflorez.com\\\/#website\",\"url\":\"https:\\\/\\\/blog.juanocampoflorez.com\\\/\",\"name\":\"GerenciArte\",\"description\":\"An\u00e1lisis de Art\u00edculos sobre Administraci\u00f3n y Gerencia\",\"publisher\":{\"@id\":\"https:\\\/\\\/blog.juanocampoflorez.com\\\/#organization\"},\"potentialAction\":[{\"@type\":\"SearchAction\",\"target\":{\"@type\":\"EntryPoint\",\"urlTemplate\":\"https:\\\/\\\/blog.juanocampoflorez.com\\\/?s={search_term_string}\"},\"query-input\":{\"@type\":\"PropertyValueSpecification\",\"valueRequired\":true,\"valueName\":\"search_term_string\"}}],\"inLanguage\":\"es\"},{\"@type\":\"Organization\",\"@id\":\"https:\\\/\\\/blog.juanocampoflorez.com\\\/#organization\",\"name\":\"GerenciArte\",\"url\":\"https:\\\/\\\/blog.juanocampoflorez.com\\\/\",\"logo\":{\"@type\":\"ImageObject\",\"inLanguage\":\"es\",\"@id\":\"https:\\\/\\\/blog.juanocampoflorez.com\\\/#\\\/schema\\\/logo\\\/image\\\/\",\"url\":\"https:\\\/\\\/blog.juanocampoflorez.com\\\/wp-content\\\/uploads\\\/2023\\\/09\\\/logo.png\",\"contentUrl\":\"https:\\\/\\\/blog.juanocampoflorez.com\\\/wp-content\\\/uploads\\\/2023\\\/09\\\/logo.png\",\"width\":263,\"height\":234,\"caption\":\"GerenciArte\"},\"image\":{\"@id\":\"https:\\\/\\\/blog.juanocampoflorez.com\\\/#\\\/schema\\\/logo\\\/image\\\/\"},\"sameAs\":[\"https:\\\/\\\/www.facebook.com\\\/profile.php?id=100012989678061\"]}]}<\/script>\n<!-- \/ Yoast SEO plugin. -->","yoast_head_json":{"title":"Sostenibilidad 5.0: Evoluci\u00f3n de la Responsabilidad Empresarial","description":"Explora la evoluci\u00f3n de la RSE hacia la Sostenibilidad 5.0. \u00bfC\u00f3mo afrontar el desaf\u00edo de preservar la especie humana en la era tecnol\u00f3gica?","robots":{"index":"index","follow":"follow","max-snippet":"max-snippet:-1","max-image-preview":"max-image-preview:large","max-video-preview":"max-video-preview:-1"},"canonical":"https:\/\/blog.juanocampoflorez.com\/?page_id=157","og_locale":"es_ES","og_type":"article","og_title":"Sostenibilidad 5.0: Evoluci\u00f3n de la Responsabilidad Empresarial","og_description":"Explora la evoluci\u00f3n de la RSE hacia la Sostenibilidad 5.0. \u00bfC\u00f3mo afrontar el desaf\u00edo de preservar la especie humana en la era tecnol\u00f3gica?","og_url":"https:\/\/blog.juanocampoflorez.com\/?page_id=157","og_site_name":"GerenciArte","article_publisher":"https:\/\/www.facebook.com\/profile.php?id=100012989678061","article_modified_time":"2023-12-05T10:23:00+00:00","og_image":[{"url":"https:\/\/blog.juanocampoflorez.com\/wp-content\/uploads\/2023\/09\/Sost1.jpg","type":"","width":"","height":""}],"twitter_card":"summary_large_image","twitter_misc":{"Tiempo de lectura":"2 minutos"},"schema":{"@context":"https:\/\/schema.org","@graph":[{"@type":"WebPage","@id":"https:\/\/blog.juanocampoflorez.com\/?page_id=157","url":"https:\/\/blog.juanocampoflorez.com\/?page_id=157","name":"Sostenibilidad 5.0: Evoluci\u00f3n de la Responsabilidad Empresarial","isPartOf":{"@id":"https:\/\/blog.juanocampoflorez.com\/#website"},"primaryImageOfPage":{"@id":"https:\/\/blog.juanocampoflorez.com\/?page_id=157#primaryimage"},"image":{"@id":"https:\/\/blog.juanocampoflorez.com\/?page_id=157#primaryimage"},"thumbnailUrl":"https:\/\/blog.juanocampoflorez.com\/wp-content\/uploads\/2023\/09\/Sost1.jpg","datePublished":"2023-09-09T15:18:09+00:00","dateModified":"2023-12-05T10:23:00+00:00","description":"Explora la evoluci\u00f3n de la RSE hacia la Sostenibilidad 5.0. \u00bfC\u00f3mo afrontar el desaf\u00edo de preservar la especie humana en la era tecnol\u00f3gica?","breadcrumb":{"@id":"https:\/\/blog.juanocampoflorez.com\/?page_id=157#breadcrumb"},"inLanguage":"es","potentialAction":[{"@type":"ReadAction","target":["https:\/\/blog.juanocampoflorez.com\/?page_id=157"]}]},{"@type":"ImageObject","inLanguage":"es","@id":"https:\/\/blog.juanocampoflorez.com\/?page_id=157#primaryimage","url":"https:\/\/i0.wp.com\/blog.juanocampoflorez.com\/wp-content\/uploads\/2023\/09\/Sost1.jpg?fit=1024%2C839&ssl=1","contentUrl":"https:\/\/i0.wp.com\/blog.juanocampoflorez.com\/wp-content\/uploads\/2023\/09\/Sost1.jpg?fit=1024%2C839&ssl=1","width":1024,"height":839,"caption":"Sostenibilidad 5.0"},{"@type":"BreadcrumbList","@id":"https:\/\/blog.juanocampoflorez.com\/?page_id=157#breadcrumb","itemListElement":[{"@type":"ListItem","position":1,"name":"Portada","item":"https:\/\/blog.juanocampoflorez.com\/"},{"@type":"ListItem","position":2,"name":"Sostenibilidad"}]},{"@type":"WebSite","@id":"https:\/\/blog.juanocampoflorez.com\/#website","url":"https:\/\/blog.juanocampoflorez.com\/","name":"GerenciArte","description":"An\u00e1lisis de Art\u00edculos sobre Administraci\u00f3n y Gerencia","publisher":{"@id":"https:\/\/blog.juanocampoflorez.com\/#organization"},"potentialAction":[{"@type":"SearchAction","target":{"@type":"EntryPoint","urlTemplate":"https:\/\/blog.juanocampoflorez.com\/?s={search_term_string}"},"query-input":{"@type":"PropertyValueSpecification","valueRequired":true,"valueName":"search_term_string"}}],"inLanguage":"es"},{"@type":"Organization","@id":"https:\/\/blog.juanocampoflorez.com\/#organization","name":"GerenciArte","url":"https:\/\/blog.juanocampoflorez.com\/","logo":{"@type":"ImageObject","inLanguage":"es","@id":"https:\/\/blog.juanocampoflorez.com\/#\/schema\/logo\/image\/","url":"https:\/\/blog.juanocampoflorez.com\/wp-content\/uploads\/2023\/09\/logo.png","contentUrl":"https:\/\/blog.juanocampoflorez.com\/wp-content\/uploads\/2023\/09\/logo.png","width":263,"height":234,"caption":"GerenciArte"},"image":{"@id":"https:\/\/blog.juanocampoflorez.com\/#\/schema\/logo\/image\/"},"sameAs":["https:\/\/www.facebook.com\/profile.php?id=100012989678061"]}]}},"jetpack-related-posts":[{"id":20,"url":"https:\/\/blog.juanocampoflorez.com\/?page_id=20","url_meta":{"origin":157,"position":0},"title":"GerenciArte","author":"Juan Ocampo","date":"","format":false,"excerpt":"\u00a1Potencia tus habilidades de gesti\u00f3n con nuestro blog de Gerenciarte! Descubre consejos pr\u00e1cticos respaldados por investigaciones y adquiere las estrategias necesarias para liderar con \u00e9xito en la din\u00e1mica Sociedad 5.0. Sum\u00e9rgete en el mundo de la administraci\u00f3n y aprende c\u00f3mo fundamentar tu pr\u00e1ctica gerencial en la literatura cient\u00edfica de vanguardia.\u2026","rel":"","context":"Entrada similar","block_context":{"text":"Entrada similar","link":""},"img":{"alt_text":"","src":"https:\/\/i0.wp.com\/blog.juanocampoflorez.com\/wp-content\/uploads\/2023\/09\/Inicio-e1694175513477.jpeg?resize=350%2C200&ssl=1","width":350,"height":200,"srcset":"https:\/\/i0.wp.com\/blog.juanocampoflorez.com\/wp-content\/uploads\/2023\/09\/Inicio-e1694175513477.jpeg?resize=350%2C200&ssl=1 1x, https:\/\/i0.wp.com\/blog.juanocampoflorez.com\/wp-content\/uploads\/2023\/09\/Inicio-e1694175513477.jpeg?resize=525%2C300&ssl=1 1.5x, https:\/\/i0.wp.com\/blog.juanocampoflorez.com\/wp-content\/uploads\/2023\/09\/Inicio-e1694175513477.jpeg?resize=700%2C400&ssl=1 2x"},"classes":[]},{"id":112,"url":"https:\/\/blog.juanocampoflorez.com\/?page_id=112","url_meta":{"origin":157,"position":1},"title":"Organizaci\u00f3n","author":"Juan Ocampo","date":"","format":false,"excerpt":"La organizaci\u00f3n y su estructura en la Sociedad 5.0 Organizaci\u00f3n en la Sociedad 5.0 se ha transformado de manera radical y cuestiona las pr\u00e1cticas organizacionales que se han dise\u00f1ado previamente. La organizaci\u00f3n empresarial constituye uno de los fundamentos clave de la gesti\u00f3n empresarial. En sus primeros a\u00f1os, se conceb\u00eda como\u2026","rel":"","context":"Entrada similar","block_context":{"text":"Entrada similar","link":""},"img":{"alt_text":"","src":"https:\/\/i0.wp.com\/blog.juanocampoflorez.com\/wp-content\/uploads\/2023\/09\/Red_Interorg1.jpeg?resize=350%2C200&ssl=1","width":350,"height":200,"srcset":"https:\/\/i0.wp.com\/blog.juanocampoflorez.com\/wp-content\/uploads\/2023\/09\/Red_Interorg1.jpeg?resize=350%2C200&ssl=1 1x, https:\/\/i0.wp.com\/blog.juanocampoflorez.com\/wp-content\/uploads\/2023\/09\/Red_Interorg1.jpeg?resize=525%2C300&ssl=1 1.5x, https:\/\/i0.wp.com\/blog.juanocampoflorez.com\/wp-content\/uploads\/2023\/09\/Red_Interorg1.jpeg?resize=700%2C400&ssl=1 2x"},"classes":[]},{"id":187,"url":"https:\/\/blog.juanocampoflorez.com\/?page_id=187","url_meta":{"origin":157,"position":2},"title":"Innovaci\u00f3n","author":"Juan Ocampo","date":"","format":false,"excerpt":"La innovaci\u00f3n en la Sociedad 5.0 La concepci\u00f3n de la innovaci\u00f3n en la Sociedad 5.0 se distingue notablemente de las perspectivas previas, como las presentadas por Schumpeter (1911, originalmente en alem\u00e1n y traducidas al ingl\u00e9s en 1934), Burns & Stalker (1961) o Christensen (1998). Schumpeter, en su enfoque pionero, deline\u00f3\u2026","rel":"","context":"Entrada similar","block_context":{"text":"Entrada similar","link":""},"img":{"alt_text":"","src":"https:\/\/i0.wp.com\/blog.juanocampoflorez.com\/wp-content\/uploads\/2023\/09\/Innov1.jpg?resize=350%2C200&ssl=1","width":350,"height":200,"srcset":"https:\/\/i0.wp.com\/blog.juanocampoflorez.com\/wp-content\/uploads\/2023\/09\/Innov1.jpg?resize=350%2C200&ssl=1 1x, https:\/\/i0.wp.com\/blog.juanocampoflorez.com\/wp-content\/uploads\/2023\/09\/Innov1.jpg?resize=525%2C300&ssl=1 1.5x, https:\/\/i0.wp.com\/blog.juanocampoflorez.com\/wp-content\/uploads\/2023\/09\/Innov1.jpg?resize=700%2C400&ssl=1 2x"},"classes":[]},{"id":147,"url":"https:\/\/blog.juanocampoflorez.com\/?page_id=147","url_meta":{"origin":157,"position":3},"title":"Tecnolog\u00edas","author":"Juan Ocampo","date":"","format":false,"excerpt":"Tecnolog\u00edas e Inteligencia Artificial aplicadas a las empresas Las tecnolog\u00edas y la inteligencia artificial transforman las empresas y aspectos fundamentales de la vida humana. Los primeros art\u00edculos cient\u00edficos que propon\u00edan el desarrollo de la inteligencia artificial (McCulloch & Pitts, 1943; Turing, 1950). La primera discusi\u00f3n sobre los objetivos y posibilidades\u2026","rel":"","context":"Entrada similar","block_context":{"text":"Entrada similar","link":""},"img":{"alt_text":"","src":"https:\/\/i0.wp.com\/blog.juanocampoflorez.com\/wp-content\/uploads\/2023\/09\/Gerencia5.01.jpg?resize=350%2C200&ssl=1","width":350,"height":200,"srcset":"https:\/\/i0.wp.com\/blog.juanocampoflorez.com\/wp-content\/uploads\/2023\/09\/Gerencia5.01.jpg?resize=350%2C200&ssl=1 1x, https:\/\/i0.wp.com\/blog.juanocampoflorez.com\/wp-content\/uploads\/2023\/09\/Gerencia5.01.jpg?resize=525%2C300&ssl=1 1.5x, https:\/\/i0.wp.com\/blog.juanocampoflorez.com\/wp-content\/uploads\/2023\/09\/Gerencia5.01.jpg?resize=700%2C400&ssl=1 2x"},"classes":[]},{"id":29,"url":"https:\/\/blog.juanocampoflorez.com\/?page_id=29","url_meta":{"origin":157,"position":4},"title":"Liderazgo","author":"Juan Ocampo","date":"","format":false,"excerpt":"Liderazgo en la Sociedad 5.0 El Liderazgo en la Sociedad 5.0 es producto de una evoluci\u00f3n del concepto. Desde la d\u00e9cada de los 60 del siglo pasado, el liderazgo es un tema recurrente en el \u00e1mbito de la Administraci\u00f3n. Inicialmente, se abord\u00f3 desde la perspectiva del l\u00edder y su estilo\u2026","rel":"","context":"Entrada similar","block_context":{"text":"Entrada similar","link":""},"img":{"alt_text":"Liderazgo en Organizaciones de Servicio Social","src":"https:\/\/i0.wp.com\/blog.juanocampoflorez.com\/wp-content\/uploads\/2023\/09\/Lide_partic.jpeg?resize=350%2C200&ssl=1","width":350,"height":200,"srcset":"https:\/\/i0.wp.com\/blog.juanocampoflorez.com\/wp-content\/uploads\/2023\/09\/Lide_partic.jpeg?resize=350%2C200&ssl=1 1x, https:\/\/i0.wp.com\/blog.juanocampoflorez.com\/wp-content\/uploads\/2023\/09\/Lide_partic.jpeg?resize=525%2C300&ssl=1 1.5x, https:\/\/i0.wp.com\/blog.juanocampoflorez.com\/wp-content\/uploads\/2023\/09\/Lide_partic.jpeg?resize=700%2C400&ssl=1 2x"},"classes":[]},{"id":68,"url":"https:\/\/blog.juanocampoflorez.com\/?page_id=68","url_meta":{"origin":157,"position":5},"title":"Trabajo","author":"Juan Ocampo","date":"","format":false,"excerpt":"El trabajo en la Sociedad 5.0 El concepto trabajo en la Sociedad 5.0 lleva a cuestionar muchas de las pr\u00e1cticas gerenciales previamente definidas. La Administraci\u00f3n se construy\u00f3 bajo el supuesto de un \u00fanico tipo de trabajador: el empleado. Las pr\u00e1cticas de los gerentes fueron dise\u00f1adas bajo la estructura del contrato\u2026","rel":"","context":"Entrada similar","block_context":{"text":"Entrada similar","link":""},"img":{"alt_text":"","src":"https:\/\/i0.wp.com\/blog.juanocampoflorez.com\/wp-content\/uploads\/2023\/09\/Trabajo5.0.jpeg?resize=350%2C200&ssl=1","width":350,"height":200,"srcset":"https:\/\/i0.wp.com\/blog.juanocampoflorez.com\/wp-content\/uploads\/2023\/09\/Trabajo5.0.jpeg?resize=350%2C200&ssl=1 1x, https:\/\/i0.wp.com\/blog.juanocampoflorez.com\/wp-content\/uploads\/2023\/09\/Trabajo5.0.jpeg?resize=525%2C300&ssl=1 1.5x, https:\/\/i0.wp.com\/blog.juanocampoflorez.com\/wp-content\/uploads\/2023\/09\/Trabajo5.0.jpeg?resize=700%2C400&ssl=1 2x"},"classes":[]}],"jetpack_sharing_enabled":true,"_links":{"self":[{"href":"https:\/\/blog.juanocampoflorez.com\/index.php?rest_route=\/wp\/v2\/pages\/157","targetHints":{"allow":["GET"]}}],"collection":[{"href":"https:\/\/blog.juanocampoflorez.com\/index.php?rest_route=\/wp\/v2\/pages"}],"about":[{"href":"https:\/\/blog.juanocampoflorez.com\/index.php?rest_route=\/wp\/v2\/types\/page"}],"author":[{"embeddable":true,"href":"https:\/\/blog.juanocampoflorez.com\/index.php?rest_route=\/wp\/v2\/users\/1"}],"replies":[{"embeddable":true,"href":"https:\/\/blog.juanocampoflorez.com\/index.php?rest_route=%2Fwp%2Fv2%2Fcomments&post=157"}],"version-history":[{"count":0,"href":"https:\/\/blog.juanocampoflorez.com\/index.php?rest_route=\/wp\/v2\/pages\/157\/revisions"}],"wp:attachment":[{"href":"https:\/\/blog.juanocampoflorez.com\/index.php?rest_route=%2Fwp%2Fv2%2Fmedia&parent=157"}],"curies":[{"name":"wp","href":"https:\/\/api.w.org\/{rel}","templated":true}]}}