{"id":187,"date":"2023-09-09T17:05:00","date_gmt":"2023-09-09T22:05:00","guid":{"rendered":"https:\/\/blog.juanocampoflorez.com\/?page_id=187"},"modified":"2024-08-23T10:59:49","modified_gmt":"2024-08-23T15:59:49","slug":"innovacion-sociedad-5-0","status":"publish","type":"page","link":"https:\/\/blog.juanocampoflorez.com\/?page_id=187","title":{"rendered":"Innovaci\u00f3n"},"content":{"rendered":"\n<h2 class=\"wp-block-heading\">La innovaci\u00f3n en la Sociedad 5.0<\/h2>\n\n\n\n<p>La concepci\u00f3n de la innovaci\u00f3n en la Sociedad 5.0 se distingue notablemente de las perspectivas previas, como las presentadas por Schumpeter (1911, originalmente en alem\u00e1n y traducidas al ingl\u00e9s en 1934), Burns &amp; Stalker (1961) o Christensen (1998).<\/p>\n\n\n\n<p>Schumpeter, en su enfoque pionero, deline\u00f3 la innovaci\u00f3n radical como aquella que engendra transformaciones monumentales en el panorama global, en contraposici\u00f3n a la innovaci\u00f3n incremental, que se encarga del proceso de cambio gradual.<\/p>\n\n\n\n<p>Por otro lado, Burns &amp; Stalker enfocaron la innovaci\u00f3n como la respuesta que las organizaciones brindan ante las mutaciones tecnol\u00f3gicas y las din\u00e1micas del mercado.<\/p>\n\n\n\n<p>Christensen, por su parte, arroj\u00f3 luz sobre c\u00f3mo las tecnolog\u00edas disruptivas pueden conducir al fracaso de las empresas innovadoras. En respuesta, resalta la necesidad imperante de la existencia de grupos \u00e1giles, apodados &#8216;skunk&#8217;, cuyo cometido sea identificar estas tecnolog\u00edas y gestar innovaciones en sinton\u00eda con estas disrupciones.<\/p>\n\n\n\n<p>\u00bfC\u00f3mo se materializa la innovaci\u00f3n en la Sociedad 5.0? \u00bfCu\u00e1l ser\u00e1 la funci\u00f3n de las Inteligencias Artificiales en este proceso innovador? \u00bfPersistir\u00e1 el ser humano en la ecuaci\u00f3n de la innovaci\u00f3n junto a tecnolog\u00edas 5.0 de vanguardia?<\/p>\n\n\n\n<p>En este contexto, te acercaremos a las investigaciones m\u00e1s recientes relacionadas con la innovaci\u00f3n, de manera que puedas mantenerte al tanto de las tendencias actuales en este campo y elaborar tus propias respuestas aplicables a tu gesti\u00f3n pr\u00e1ctica.<\/p>\n\n\n\n<ul class=\"wp-block-list\">\n<li>Rese\u00f1a sobre <a href=\"https:\/\/blog.juanocampoflorez.com\/?p=294\">el concepto de ambidextreza en la innovaci\u00f3n<\/a> (Lazzarotti; Manzini &amp; Mauri 2018).<\/li>\n\n\n\n<li>Pr\u00e1cticas gerenciales sobre la <a href=\"https:\/\/blog.juanocampoflorez.com\/?p=285\">Gesti\u00f3n de la Innovaci\u00f3n Ambidextra<\/a> a partir del art\u00edculo de Lazzaroti, Manizni &amp; Mauri (2018).<\/li>\n\n\n\n<li><a href=\"https:\/\/blog.juanocampoflorez.com\/?p=428\">Conectando el Futuro a trav\u00e9s de la innovaci\u00f3n: IoT en la Educaci\u00f3n Superior y sus Impactos en el Aula<\/a> a partir del art\u00edculo de Masadeh, S.A.; El\u2011Haggar, N., (2024).<\/li>\n<\/ul>\n\n\n\n<p>Para conocer sobre mas tendencias en otros temas de inter\u00e9s de la gerencia de la Sociedad 5.0, puedes dar <code><a href=\"https:\/\/blog.juanocampoflorez.com\/?page_id=20\">clic aqu\u00ed<\/a>.<\/code><\/p>\n\n\n\n<p class=\"has-text-align-right\"><a href=\"https:\/\/juanocampoflorez.com\/\">Juan Ocampo-Fl\u00f3rez<\/a><\/p>\n\n\n\n<figure class=\"wp-block-image aligncenter size-full is-resized\"><img data-recalc-dims=\"1\" fetchpriority=\"high\" decoding=\"async\" width=\"1024\" height=\"1024\" src=\"https:\/\/i0.wp.com\/blog.juanocampoflorez.com\/wp-content\/uploads\/2023\/09\/Innov1.jpg?resize=1024%2C1024&#038;ssl=1\" alt=\"\" class=\"wp-image-190\" style=\"width:283px;height:283px\" srcset=\"https:\/\/i0.wp.com\/blog.juanocampoflorez.com\/wp-content\/uploads\/2023\/09\/Innov1.jpg?w=1024&amp;ssl=1 1024w, https:\/\/i0.wp.com\/blog.juanocampoflorez.com\/wp-content\/uploads\/2023\/09\/Innov1.jpg?resize=300%2C300&amp;ssl=1 300w, https:\/\/i0.wp.com\/blog.juanocampoflorez.com\/wp-content\/uploads\/2023\/09\/Innov1.jpg?resize=150%2C150&amp;ssl=1 150w, https:\/\/i0.wp.com\/blog.juanocampoflorez.com\/wp-content\/uploads\/2023\/09\/Innov1.jpg?resize=768%2C768&amp;ssl=1 768w\" sizes=\"(max-width: 1000px) 100vw, 1000px\" \/><figcaption class=\"wp-element-caption\">Innovaci\u00f3n en la Sociedad 5.0<\/figcaption><\/figure>\n","protected":false},"excerpt":{"rendered":"<p>La innovaci\u00f3n en la Sociedad 5.0 La concepci\u00f3n de la innovaci\u00f3n en la Sociedad 5.0 se distingue notablemente de las perspectivas previas, como las presentadas por Schumpeter (1911, originalmente en alem\u00e1n y traducidas al ingl\u00e9s en 1934), Burns &amp; Stalker (1961) o Christensen (1998). Schumpeter, en su enfoque pionero, deline\u00f3 la innovaci\u00f3n radical como aquella [&hellip;]<\/p>\n","protected":false},"author":1,"featured_media":0,"parent":0,"menu_order":0,"comment_status":"closed","ping_status":"closed","template":"","meta":{"footnotes":""},"class_list":["post-187","page","type-page","status-publish","hentry",""],"yoast_head":"<!-- This site is optimized with the Yoast SEO plugin v27.6 - https:\/\/yoast.com\/product\/yoast-seo-wordpress\/ -->\n<title>Innovaci\u00f3n en la Sociedad 5.0: Nuevos Paradigmas y Desaf\u00edos<\/title>\n<meta name=\"description\" content=\"En la Sociedad 5.0 la innovaci\u00f3n est\u00e1 siendo transformada \u00bfCu\u00e1l es el futuro de la innovaci\u00f3n y c\u00f3mo afectar\u00e1 tu pr\u00e1ctica gerencial?\" \/>\n<meta name=\"robots\" content=\"index, follow, max-snippet:-1, max-image-preview:large, max-video-preview:-1\" \/>\n<link rel=\"canonical\" href=\"https:\/\/blog.juanocampoflorez.com\/?page_id=187\" \/>\n<meta property=\"og:locale\" content=\"es_ES\" \/>\n<meta property=\"og:type\" content=\"article\" \/>\n<meta property=\"og:title\" content=\"Innovaci\u00f3n en la Sociedad 5.0: Nuevos Paradigmas y Desaf\u00edos\" \/>\n<meta property=\"og:description\" content=\"En la Sociedad 5.0 la innovaci\u00f3n est\u00e1 siendo transformada \u00bfCu\u00e1l es el futuro de la innovaci\u00f3n y c\u00f3mo afectar\u00e1 tu pr\u00e1ctica gerencial?\" \/>\n<meta property=\"og:url\" content=\"https:\/\/blog.juanocampoflorez.com\/?page_id=187\" \/>\n<meta property=\"og:site_name\" content=\"GerenciArte\" \/>\n<meta property=\"article:publisher\" content=\"https:\/\/www.facebook.com\/profile.php?id=100012989678061\" \/>\n<meta property=\"article:modified_time\" content=\"2024-08-23T15:59:49+00:00\" \/>\n<meta property=\"og:image\" content=\"https:\/\/blog.juanocampoflorez.com\/wp-content\/uploads\/2023\/09\/Innov1.jpg\" \/>\n<meta name=\"twitter:card\" content=\"summary_large_image\" \/>\n<meta name=\"twitter:label1\" content=\"Tiempo de lectura\" \/>\n\t<meta name=\"twitter:data1\" content=\"2 minutos\" \/>\n<script type=\"application\/ld+json\" class=\"yoast-schema-graph\">{\"@context\":\"https:\\\/\\\/schema.org\",\"@graph\":[{\"@type\":\"WebPage\",\"@id\":\"https:\\\/\\\/blog.juanocampoflorez.com\\\/?page_id=187\",\"url\":\"https:\\\/\\\/blog.juanocampoflorez.com\\\/?page_id=187\",\"name\":\"Innovaci\u00f3n en la Sociedad 5.0: Nuevos Paradigmas y Desaf\u00edos\",\"isPartOf\":{\"@id\":\"https:\\\/\\\/blog.juanocampoflorez.com\\\/#website\"},\"primaryImageOfPage\":{\"@id\":\"https:\\\/\\\/blog.juanocampoflorez.com\\\/?page_id=187#primaryimage\"},\"image\":{\"@id\":\"https:\\\/\\\/blog.juanocampoflorez.com\\\/?page_id=187#primaryimage\"},\"thumbnailUrl\":\"https:\\\/\\\/blog.juanocampoflorez.com\\\/wp-content\\\/uploads\\\/2023\\\/09\\\/Innov1.jpg\",\"datePublished\":\"2023-09-09T22:05:00+00:00\",\"dateModified\":\"2024-08-23T15:59:49+00:00\",\"description\":\"En la Sociedad 5.0 la innovaci\u00f3n est\u00e1 siendo transformada \u00bfCu\u00e1l es el futuro de la innovaci\u00f3n y c\u00f3mo afectar\u00e1 tu pr\u00e1ctica gerencial?\",\"breadcrumb\":{\"@id\":\"https:\\\/\\\/blog.juanocampoflorez.com\\\/?page_id=187#breadcrumb\"},\"inLanguage\":\"es\",\"potentialAction\":[{\"@type\":\"ReadAction\",\"target\":[\"https:\\\/\\\/blog.juanocampoflorez.com\\\/?page_id=187\"]}]},{\"@type\":\"ImageObject\",\"inLanguage\":\"es\",\"@id\":\"https:\\\/\\\/blog.juanocampoflorez.com\\\/?page_id=187#primaryimage\",\"url\":\"https:\\\/\\\/i0.wp.com\\\/blog.juanocampoflorez.com\\\/wp-content\\\/uploads\\\/2023\\\/09\\\/Innov1.jpg?fit=1024%2C1024&ssl=1\",\"contentUrl\":\"https:\\\/\\\/i0.wp.com\\\/blog.juanocampoflorez.com\\\/wp-content\\\/uploads\\\/2023\\\/09\\\/Innov1.jpg?fit=1024%2C1024&ssl=1\",\"width\":1024,\"height\":1024,\"caption\":\"Innovaci\u00f3n en la Sociedad 5.0\"},{\"@type\":\"BreadcrumbList\",\"@id\":\"https:\\\/\\\/blog.juanocampoflorez.com\\\/?page_id=187#breadcrumb\",\"itemListElement\":[{\"@type\":\"ListItem\",\"position\":1,\"name\":\"Portada\",\"item\":\"https:\\\/\\\/blog.juanocampoflorez.com\\\/\"},{\"@type\":\"ListItem\",\"position\":2,\"name\":\"Innovaci\u00f3n\"}]},{\"@type\":\"WebSite\",\"@id\":\"https:\\\/\\\/blog.juanocampoflorez.com\\\/#website\",\"url\":\"https:\\\/\\\/blog.juanocampoflorez.com\\\/\",\"name\":\"GerenciArte\",\"description\":\"An\u00e1lisis de Art\u00edculos sobre Administraci\u00f3n y Gerencia\",\"publisher\":{\"@id\":\"https:\\\/\\\/blog.juanocampoflorez.com\\\/#organization\"},\"potentialAction\":[{\"@type\":\"SearchAction\",\"target\":{\"@type\":\"EntryPoint\",\"urlTemplate\":\"https:\\\/\\\/blog.juanocampoflorez.com\\\/?s={search_term_string}\"},\"query-input\":{\"@type\":\"PropertyValueSpecification\",\"valueRequired\":true,\"valueName\":\"search_term_string\"}}],\"inLanguage\":\"es\"},{\"@type\":\"Organization\",\"@id\":\"https:\\\/\\\/blog.juanocampoflorez.com\\\/#organization\",\"name\":\"GerenciArte\",\"url\":\"https:\\\/\\\/blog.juanocampoflorez.com\\\/\",\"logo\":{\"@type\":\"ImageObject\",\"inLanguage\":\"es\",\"@id\":\"https:\\\/\\\/blog.juanocampoflorez.com\\\/#\\\/schema\\\/logo\\\/image\\\/\",\"url\":\"https:\\\/\\\/blog.juanocampoflorez.com\\\/wp-content\\\/uploads\\\/2023\\\/09\\\/logo.png\",\"contentUrl\":\"https:\\\/\\\/blog.juanocampoflorez.com\\\/wp-content\\\/uploads\\\/2023\\\/09\\\/logo.png\",\"width\":263,\"height\":234,\"caption\":\"GerenciArte\"},\"image\":{\"@id\":\"https:\\\/\\\/blog.juanocampoflorez.com\\\/#\\\/schema\\\/logo\\\/image\\\/\"},\"sameAs\":[\"https:\\\/\\\/www.facebook.com\\\/profile.php?id=100012989678061\"]}]}<\/script>\n<!-- \/ Yoast SEO plugin. -->","yoast_head_json":{"title":"Innovaci\u00f3n en la Sociedad 5.0: Nuevos Paradigmas y Desaf\u00edos","description":"En la Sociedad 5.0 la innovaci\u00f3n est\u00e1 siendo transformada \u00bfCu\u00e1l es el futuro de la innovaci\u00f3n y c\u00f3mo afectar\u00e1 tu pr\u00e1ctica gerencial?","robots":{"index":"index","follow":"follow","max-snippet":"max-snippet:-1","max-image-preview":"max-image-preview:large","max-video-preview":"max-video-preview:-1"},"canonical":"https:\/\/blog.juanocampoflorez.com\/?page_id=187","og_locale":"es_ES","og_type":"article","og_title":"Innovaci\u00f3n en la Sociedad 5.0: Nuevos Paradigmas y Desaf\u00edos","og_description":"En la Sociedad 5.0 la innovaci\u00f3n est\u00e1 siendo transformada \u00bfCu\u00e1l es el futuro de la innovaci\u00f3n y c\u00f3mo afectar\u00e1 tu pr\u00e1ctica gerencial?","og_url":"https:\/\/blog.juanocampoflorez.com\/?page_id=187","og_site_name":"GerenciArte","article_publisher":"https:\/\/www.facebook.com\/profile.php?id=100012989678061","article_modified_time":"2024-08-23T15:59:49+00:00","og_image":[{"url":"https:\/\/blog.juanocampoflorez.com\/wp-content\/uploads\/2023\/09\/Innov1.jpg","type":"","width":"","height":""}],"twitter_card":"summary_large_image","twitter_misc":{"Tiempo de lectura":"2 minutos"},"schema":{"@context":"https:\/\/schema.org","@graph":[{"@type":"WebPage","@id":"https:\/\/blog.juanocampoflorez.com\/?page_id=187","url":"https:\/\/blog.juanocampoflorez.com\/?page_id=187","name":"Innovaci\u00f3n en la Sociedad 5.0: Nuevos Paradigmas y Desaf\u00edos","isPartOf":{"@id":"https:\/\/blog.juanocampoflorez.com\/#website"},"primaryImageOfPage":{"@id":"https:\/\/blog.juanocampoflorez.com\/?page_id=187#primaryimage"},"image":{"@id":"https:\/\/blog.juanocampoflorez.com\/?page_id=187#primaryimage"},"thumbnailUrl":"https:\/\/blog.juanocampoflorez.com\/wp-content\/uploads\/2023\/09\/Innov1.jpg","datePublished":"2023-09-09T22:05:00+00:00","dateModified":"2024-08-23T15:59:49+00:00","description":"En la Sociedad 5.0 la innovaci\u00f3n est\u00e1 siendo transformada \u00bfCu\u00e1l es el futuro de la innovaci\u00f3n y c\u00f3mo afectar\u00e1 tu pr\u00e1ctica gerencial?","breadcrumb":{"@id":"https:\/\/blog.juanocampoflorez.com\/?page_id=187#breadcrumb"},"inLanguage":"es","potentialAction":[{"@type":"ReadAction","target":["https:\/\/blog.juanocampoflorez.com\/?page_id=187"]}]},{"@type":"ImageObject","inLanguage":"es","@id":"https:\/\/blog.juanocampoflorez.com\/?page_id=187#primaryimage","url":"https:\/\/i0.wp.com\/blog.juanocampoflorez.com\/wp-content\/uploads\/2023\/09\/Innov1.jpg?fit=1024%2C1024&ssl=1","contentUrl":"https:\/\/i0.wp.com\/blog.juanocampoflorez.com\/wp-content\/uploads\/2023\/09\/Innov1.jpg?fit=1024%2C1024&ssl=1","width":1024,"height":1024,"caption":"Innovaci\u00f3n en la Sociedad 5.0"},{"@type":"BreadcrumbList","@id":"https:\/\/blog.juanocampoflorez.com\/?page_id=187#breadcrumb","itemListElement":[{"@type":"ListItem","position":1,"name":"Portada","item":"https:\/\/blog.juanocampoflorez.com\/"},{"@type":"ListItem","position":2,"name":"Innovaci\u00f3n"}]},{"@type":"WebSite","@id":"https:\/\/blog.juanocampoflorez.com\/#website","url":"https:\/\/blog.juanocampoflorez.com\/","name":"GerenciArte","description":"An\u00e1lisis de Art\u00edculos sobre Administraci\u00f3n y Gerencia","publisher":{"@id":"https:\/\/blog.juanocampoflorez.com\/#organization"},"potentialAction":[{"@type":"SearchAction","target":{"@type":"EntryPoint","urlTemplate":"https:\/\/blog.juanocampoflorez.com\/?s={search_term_string}"},"query-input":{"@type":"PropertyValueSpecification","valueRequired":true,"valueName":"search_term_string"}}],"inLanguage":"es"},{"@type":"Organization","@id":"https:\/\/blog.juanocampoflorez.com\/#organization","name":"GerenciArte","url":"https:\/\/blog.juanocampoflorez.com\/","logo":{"@type":"ImageObject","inLanguage":"es","@id":"https:\/\/blog.juanocampoflorez.com\/#\/schema\/logo\/image\/","url":"https:\/\/blog.juanocampoflorez.com\/wp-content\/uploads\/2023\/09\/logo.png","contentUrl":"https:\/\/blog.juanocampoflorez.com\/wp-content\/uploads\/2023\/09\/logo.png","width":263,"height":234,"caption":"GerenciArte"},"image":{"@id":"https:\/\/blog.juanocampoflorez.com\/#\/schema\/logo\/image\/"},"sameAs":["https:\/\/www.facebook.com\/profile.php?id=100012989678061"]}]}},"jetpack-related-posts":[{"id":20,"url":"https:\/\/blog.juanocampoflorez.com\/?page_id=20","url_meta":{"origin":187,"position":0},"title":"GerenciArte","author":"Juan Ocampo","date":"","format":false,"excerpt":"\u00a1Potencia tus habilidades de gesti\u00f3n con nuestro blog de Gerenciarte! Descubre consejos pr\u00e1cticos respaldados por investigaciones y adquiere las estrategias necesarias para liderar con \u00e9xito en la din\u00e1mica Sociedad 5.0. Sum\u00e9rgete en el mundo de la administraci\u00f3n y aprende c\u00f3mo fundamentar tu pr\u00e1ctica gerencial en la literatura cient\u00edfica de vanguardia.\u2026","rel":"","context":"Entrada similar","block_context":{"text":"Entrada similar","link":""},"img":{"alt_text":"","src":"https:\/\/i0.wp.com\/blog.juanocampoflorez.com\/wp-content\/uploads\/2023\/09\/Inicio-e1694175513477.jpeg?resize=350%2C200&ssl=1","width":350,"height":200,"srcset":"https:\/\/i0.wp.com\/blog.juanocampoflorez.com\/wp-content\/uploads\/2023\/09\/Inicio-e1694175513477.jpeg?resize=350%2C200&ssl=1 1x, https:\/\/i0.wp.com\/blog.juanocampoflorez.com\/wp-content\/uploads\/2023\/09\/Inicio-e1694175513477.jpeg?resize=525%2C300&ssl=1 1.5x, https:\/\/i0.wp.com\/blog.juanocampoflorez.com\/wp-content\/uploads\/2023\/09\/Inicio-e1694175513477.jpeg?resize=700%2C400&ssl=1 2x"},"classes":[]},{"id":112,"url":"https:\/\/blog.juanocampoflorez.com\/?page_id=112","url_meta":{"origin":187,"position":1},"title":"Organizaci\u00f3n","author":"Juan Ocampo","date":"","format":false,"excerpt":"La organizaci\u00f3n y su estructura en la Sociedad 5.0 Organizaci\u00f3n en la Sociedad 5.0 se ha transformado de manera radical y cuestiona las pr\u00e1cticas organizacionales que se han dise\u00f1ado previamente. La organizaci\u00f3n empresarial constituye uno de los fundamentos clave de la gesti\u00f3n empresarial. En sus primeros a\u00f1os, se conceb\u00eda como\u2026","rel":"","context":"Entrada similar","block_context":{"text":"Entrada similar","link":""},"img":{"alt_text":"","src":"https:\/\/i0.wp.com\/blog.juanocampoflorez.com\/wp-content\/uploads\/2023\/09\/Red_Interorg1.jpeg?resize=350%2C200&ssl=1","width":350,"height":200,"srcset":"https:\/\/i0.wp.com\/blog.juanocampoflorez.com\/wp-content\/uploads\/2023\/09\/Red_Interorg1.jpeg?resize=350%2C200&ssl=1 1x, https:\/\/i0.wp.com\/blog.juanocampoflorez.com\/wp-content\/uploads\/2023\/09\/Red_Interorg1.jpeg?resize=525%2C300&ssl=1 1.5x, https:\/\/i0.wp.com\/blog.juanocampoflorez.com\/wp-content\/uploads\/2023\/09\/Red_Interorg1.jpeg?resize=700%2C400&ssl=1 2x"},"classes":[]},{"id":29,"url":"https:\/\/blog.juanocampoflorez.com\/?page_id=29","url_meta":{"origin":187,"position":2},"title":"Liderazgo","author":"Juan Ocampo","date":"","format":false,"excerpt":"Liderazgo en la Sociedad 5.0 El Liderazgo en la Sociedad 5.0 es producto de una evoluci\u00f3n del concepto. Desde la d\u00e9cada de los 60 del siglo pasado, el liderazgo es un tema recurrente en el \u00e1mbito de la Administraci\u00f3n. Inicialmente, se abord\u00f3 desde la perspectiva del l\u00edder y su estilo\u2026","rel":"","context":"Entrada similar","block_context":{"text":"Entrada similar","link":""},"img":{"alt_text":"Liderazgo en Organizaciones de Servicio Social","src":"https:\/\/i0.wp.com\/blog.juanocampoflorez.com\/wp-content\/uploads\/2023\/09\/Lide_partic.jpeg?resize=350%2C200&ssl=1","width":350,"height":200,"srcset":"https:\/\/i0.wp.com\/blog.juanocampoflorez.com\/wp-content\/uploads\/2023\/09\/Lide_partic.jpeg?resize=350%2C200&ssl=1 1x, https:\/\/i0.wp.com\/blog.juanocampoflorez.com\/wp-content\/uploads\/2023\/09\/Lide_partic.jpeg?resize=525%2C300&ssl=1 1.5x, https:\/\/i0.wp.com\/blog.juanocampoflorez.com\/wp-content\/uploads\/2023\/09\/Lide_partic.jpeg?resize=700%2C400&ssl=1 2x"},"classes":[]},{"id":157,"url":"https:\/\/blog.juanocampoflorez.com\/?page_id=157","url_meta":{"origin":187,"position":3},"title":"Sostenibilidad","author":"Juan Ocampo","date":"","format":false,"excerpt":"Sostenibilidad 5.0 La Sostenibilidad 5.0 es un tema emergente en la administraci\u00f3n y la estrategia empresarial. Este concepto, en sus inicios, marc\u00f3 la preocupaci\u00f3n por el medio ambiente y el desarrollo. En 1983, la ONU estableci\u00f3 la Comisi\u00f3n Mundial sobre el Medio Ambiente y el Desarrollo, cuyo an\u00e1lisis culmin\u00f3 en\u2026","rel":"","context":"Entrada similar","block_context":{"text":"Entrada similar","link":""},"img":{"alt_text":"","src":"https:\/\/i0.wp.com\/blog.juanocampoflorez.com\/wp-content\/uploads\/2023\/09\/Sost1.jpg?resize=350%2C200&ssl=1","width":350,"height":200,"srcset":"https:\/\/i0.wp.com\/blog.juanocampoflorez.com\/wp-content\/uploads\/2023\/09\/Sost1.jpg?resize=350%2C200&ssl=1 1x, https:\/\/i0.wp.com\/blog.juanocampoflorez.com\/wp-content\/uploads\/2023\/09\/Sost1.jpg?resize=525%2C300&ssl=1 1.5x, https:\/\/i0.wp.com\/blog.juanocampoflorez.com\/wp-content\/uploads\/2023\/09\/Sost1.jpg?resize=700%2C400&ssl=1 2x"},"classes":[]},{"id":68,"url":"https:\/\/blog.juanocampoflorez.com\/?page_id=68","url_meta":{"origin":187,"position":4},"title":"Trabajo","author":"Juan Ocampo","date":"","format":false,"excerpt":"El trabajo en la Sociedad 5.0 El concepto trabajo en la Sociedad 5.0 lleva a cuestionar muchas de las pr\u00e1cticas gerenciales previamente definidas. La Administraci\u00f3n se construy\u00f3 bajo el supuesto de un \u00fanico tipo de trabajador: el empleado. Las pr\u00e1cticas de los gerentes fueron dise\u00f1adas bajo la estructura del contrato\u2026","rel":"","context":"Entrada similar","block_context":{"text":"Entrada similar","link":""},"img":{"alt_text":"","src":"https:\/\/i0.wp.com\/blog.juanocampoflorez.com\/wp-content\/uploads\/2023\/09\/Trabajo5.0.jpeg?resize=350%2C200&ssl=1","width":350,"height":200,"srcset":"https:\/\/i0.wp.com\/blog.juanocampoflorez.com\/wp-content\/uploads\/2023\/09\/Trabajo5.0.jpeg?resize=350%2C200&ssl=1 1x, https:\/\/i0.wp.com\/blog.juanocampoflorez.com\/wp-content\/uploads\/2023\/09\/Trabajo5.0.jpeg?resize=525%2C300&ssl=1 1.5x, https:\/\/i0.wp.com\/blog.juanocampoflorez.com\/wp-content\/uploads\/2023\/09\/Trabajo5.0.jpeg?resize=700%2C400&ssl=1 2x"},"classes":[]},{"id":147,"url":"https:\/\/blog.juanocampoflorez.com\/?page_id=147","url_meta":{"origin":187,"position":5},"title":"Tecnolog\u00edas","author":"Juan Ocampo","date":"","format":false,"excerpt":"Tecnolog\u00edas e Inteligencia Artificial aplicadas a las empresas Las tecnolog\u00edas y la inteligencia artificial transforman las empresas y aspectos fundamentales de la vida humana. Los primeros art\u00edculos cient\u00edficos que propon\u00edan el desarrollo de la inteligencia artificial (McCulloch & Pitts, 1943; Turing, 1950). La primera discusi\u00f3n sobre los objetivos y posibilidades\u2026","rel":"","context":"Entrada similar","block_context":{"text":"Entrada similar","link":""},"img":{"alt_text":"","src":"https:\/\/i0.wp.com\/blog.juanocampoflorez.com\/wp-content\/uploads\/2023\/09\/Gerencia5.01.jpg?resize=350%2C200&ssl=1","width":350,"height":200,"srcset":"https:\/\/i0.wp.com\/blog.juanocampoflorez.com\/wp-content\/uploads\/2023\/09\/Gerencia5.01.jpg?resize=350%2C200&ssl=1 1x, https:\/\/i0.wp.com\/blog.juanocampoflorez.com\/wp-content\/uploads\/2023\/09\/Gerencia5.01.jpg?resize=525%2C300&ssl=1 1.5x, https:\/\/i0.wp.com\/blog.juanocampoflorez.com\/wp-content\/uploads\/2023\/09\/Gerencia5.01.jpg?resize=700%2C400&ssl=1 2x"},"classes":[]}],"jetpack_sharing_enabled":true,"_links":{"self":[{"href":"https:\/\/blog.juanocampoflorez.com\/index.php?rest_route=\/wp\/v2\/pages\/187","targetHints":{"allow":["GET"]}}],"collection":[{"href":"https:\/\/blog.juanocampoflorez.com\/index.php?rest_route=\/wp\/v2\/pages"}],"about":[{"href":"https:\/\/blog.juanocampoflorez.com\/index.php?rest_route=\/wp\/v2\/types\/page"}],"author":[{"embeddable":true,"href":"https:\/\/blog.juanocampoflorez.com\/index.php?rest_route=\/wp\/v2\/users\/1"}],"replies":[{"embeddable":true,"href":"https:\/\/blog.juanocampoflorez.com\/index.php?rest_route=%2Fwp%2Fv2%2Fcomments&post=187"}],"version-history":[{"count":0,"href":"https:\/\/blog.juanocampoflorez.com\/index.php?rest_route=\/wp\/v2\/pages\/187\/revisions"}],"wp:attachment":[{"href":"https:\/\/blog.juanocampoflorez.com\/index.php?rest_route=%2Fwp%2Fv2%2Fmedia&parent=187"}],"curies":[{"name":"wp","href":"https:\/\/api.w.org\/{rel}","templated":true}]}}